{"id":658,"date":"2023-11-08T11:24:38","date_gmt":"2023-11-08T11:24:38","guid":{"rendered":"https:\/\/retall.es\/qui-som\/"},"modified":"2024-01-24T11:20:29","modified_gmt":"2024-01-24T11:20:29","slug":"qui-som","status":"publish","type":"page","link":"https:\/\/retall.es\/ca\/qui-som\/","title":{"rendered":"Qui som"},"content":{"rendered":"\n<div class=\"slider-wrapper relative\" id=\"slider-728816229\" >\n    <div class=\"slider slider-nav-circle slider-nav-large slider-nav-light slider-style-normal\"\n        data-flickity-options='{\n            \"cellAlign\": \"center\",\n            \"imagesLoaded\": true,\n            \"lazyLoad\": 1,\n            \"freeScroll\": false,\n            \"wrapAround\": true,\n            \"autoPlay\": 6000,\n            \"pauseAutoPlayOnHover\" : true,\n            \"prevNextButtons\": true,\n            \"contain\" : true,\n            \"adaptiveHeight\" : true,\n            \"dragThreshold\" : 10,\n            \"percentPosition\": true,\n            \"pageDots\": true,\n            \"rightToLeft\": false,\n            \"draggable\": true,\n            \"selectedAttraction\": 0.1,\n            \"parallax\" : 0,\n            \"friction\": 0.6        }'\n        >\n        \n\n\n  <div class=\"banner has-hover has-parallax\" id=\"banner-1835277111\">\n          <div class=\"banner-inner fill\">\n        <div class=\"banner-bg fill\" data-parallax=\"-4\" data-parallax-container=\".banner\" data-parallax-background>\n            <div class=\"bg fill bg-fill \"><\/div>\n                        <div class=\"overlay\"><\/div>            \n                    <\/div>\n\t\t\n        <div class=\"banner-layers container\">\n            <div class=\"fill banner-link\"><\/div>            \n\n   <div id=\"text-box-2012394759\" class=\"text-box banner-layer x50 md-x50 lg-x50 y50 md-y50 lg-y50 res-text\">\n                                <div class=\"text-box-content text dark\">\n              \n              <div class=\"text-inner text-center\">\n                  \n\n\t<div id=\"text-953179995\" class=\"text\">\n\t\t\n\n<h1><strong>Qui som<\/strong><\/h1>\n <p>Som un Laboratori de creaci\u00f3 de <a href=\"https:\/\/retall.es\/tienda\/\"><strong>objectes singulars<\/strong><\/a> mitjan\u00e7ant tall l\u00e0ser. Fabriquem els nostres productes amb material 100% REscatat. <\/p>\n\t\t\n<style>\n#text-953179995 {\n  font-size: 0.75rem;\n}\n@media (min-width:550px) {\n  #text-953179995 {\n    font-size: 1rem;\n  }\n}\n<\/style>\n\t<\/div>\n\t\n\n              <\/div>\n           <\/div>\n                            \n<style>\n#text-box-2012394759 {\n  width: 93%;\n}\n#text-box-2012394759 .text-box-content {\n  font-size: 100%;\n}\n@media (min-width:550px) {\n  #text-box-2012394759 {\n    width: 52%;\n  }\n}\n<\/style>\n    <\/div>\n \n\n        <\/div>\n      <\/div>\n\n            \n<style>\n#banner-1835277111 {\n  padding-top: 352px;\n}\n#banner-1835277111 .bg.bg-loaded {\n  background-image: url(https:\/\/retall.es\/wp-content\/uploads\/2023\/11\/material-retall-corte-laser-barcelona-plastico-reciclado-scaled.jpg);\n}\n#banner-1835277111 .overlay {\n  background-color: rgba(0,0,0,.5);\n}\n#banner-1835277111 .bg {\n  background-position: 35% 39%;\n}\n<\/style>\n  <\/div>\n\n\n\n     <\/div>\n\n     <div class=\"loading-spin dark large centered\"><\/div>\n\n\t<\/div>\n\n\n\t<section class=\"section\" id=\"section_1480894789\">\n\t\t<div class=\"bg section-bg fill bg-fill  bg-loaded\" >\n\n\t\t\t\n\t\t\t\n\t\t\t\n\t<div class=\"is-border\"\n\t\tstyle=\"border-color:rgb(235, 235, 235);border-width:1px 0px 0px 0px;\">\n\t<\/div>\n\n\t\t<\/div>\n\n\t\t\n\n\t\t<div class=\"section-content relative\">\n\t\t\t\n\n<div class=\"row\"  id=\"row-157068576\">\n\n\n\t<div id=\"col-724342220\" class=\"col medium-4 small-12 large-4\"  >\n\t\t\t\t<div class=\"col-inner\"  >\n\t\t\t\n\t\t\t\n\n<h2>Coneix qui hi ha darrere de REtall<\/h2>\n\n\t\t<\/div>\n\t\t\t\t\t<\/div>\n\n\t\n\n\t<div id=\"col-326497119\" class=\"col medium-8 small-12 large-8\"  >\n\t\t\t\t<div class=\"col-inner\"  >\n\t\t\t\n\t\t\t\n\n<p>El nom de REtall fa refer\u00e8ncia al retall, la minva, les peces sobrants descartades en el proc\u00e9s industrial pel seu petit format&#8230; i que Rescatem per transformar-les en la nostra mat\u00e8ria primera.<\/p>\n <p>RE-tall tamb\u00e9 \u00e9s \u201ctornar a tallar\u201d (en catal\u00e0) referint-se al proc\u00e9s de fabricaci\u00f3 dels nous productes.<\/p>\n <p> <\/p>\n\n\t\t<\/div>\n\t\t\t\t\t<\/div>\n\n\t\n\n<\/div>\n\n\t\t<\/div>\n\n\t\t\n<style>\n#section_1480894789 {\n  padding-top: 60px;\n  padding-bottom: 60px;\n  min-height: 300px;\n  background-color: rgb(245, 245, 245);\n}\n<\/style>\n\t<\/section>\n\t\n\t<section class=\"section\" id=\"section_1359132706\">\n\t\t<div class=\"bg section-bg fill bg-fill  bg-loaded\" >\n\n\t\t\t\n\t\t\t<div class=\"section-bg-overlay absolute fill\"><\/div>\n\t\t\t\n\t<div class=\"is-border\"\n\t\tstyle=\"border-color:rgb(235, 235, 235);border-width:1px 0px 0px 0px;\">\n\t<\/div>\n\n\t\t<\/div>\n\n\t\t\n\n\t\t<div class=\"section-content relative\">\n\t\t\t\n\n<div class=\"row row-large align-middle align-center\"  id=\"row-110994706\">\n\n\n\t<div id=\"col-555184711\" class=\"col medium-6 small-12 large-6\"  data-animate=\"flipInY\">\n\t\t\t\t<div class=\"col-inner text-left box-shadow-2 box-shadow-5-hover\" style=\"background-color:rgb(255, 255, 255);\" >\n\t\t\t\n\t\t\t\n\n\t<div class=\"img has-hover x md-x lg-x y md-y lg-y\" id=\"image_600838494\">\n\t\t\t\t\t\t\t\t<div class=\"img-inner image-cover dark\" style=\"padding-top:100%;margin:-150px 0px 0px 0px;\">\n\t\t\t<img loading=\"lazy\" decoding=\"async\" width=\"1020\" height=\"680\" src=\"https:\/\/retall.es\/wp-content\/uploads\/2023\/11\/raquel-arquitecta-retall-corte-laser-barcelona-plastico-reciclado-1024x683.jpg\" class=\"attachment-large size-large\" alt=\"\" srcset=\"https:\/\/retall.es\/wp-content\/uploads\/2023\/11\/raquel-arquitecta-retall-corte-laser-barcelona-plastico-reciclado-1024x683.jpg 1024w, https:\/\/retall.es\/wp-content\/uploads\/2023\/11\/raquel-arquitecta-retall-corte-laser-barcelona-plastico-reciclado-300x200.jpg 300w, https:\/\/retall.es\/wp-content\/uploads\/2023\/11\/raquel-arquitecta-retall-corte-laser-barcelona-plastico-reciclado-768x512.jpg 768w, https:\/\/retall.es\/wp-content\/uploads\/2023\/11\/raquel-arquitecta-retall-corte-laser-barcelona-plastico-reciclado-1536x1024.jpg 1536w, https:\/\/retall.es\/wp-content\/uploads\/2023\/11\/raquel-arquitecta-retall-corte-laser-barcelona-plastico-reciclado-2048x1365.jpg 2048w, https:\/\/retall.es\/wp-content\/uploads\/2023\/11\/raquel-arquitecta-retall-corte-laser-barcelona-plastico-reciclado-600x400.jpg 600w\" sizes=\"auto, (max-width: 1020px) 100vw, 1020px\" \/>\t\t\t\t\t\t\n\t\t\t\t\t<\/div>\n\t\t\t\t\t\t\t\t\n<style>\n#image_600838494 {\n  width: 100%;\n}\n<\/style>\n\t<\/div>\n\t\n\n\n\t\t<\/div>\n\t\t\t\t\t<\/div>\n\n\t\n\n\t<div id=\"col-1695714209\" class=\"col medium-6 small-12 large-6\"  >\n\t\t\t\t<div class=\"col-inner text-left dark\"  >\n\t\t\t\n\t\t\t\n\n<h2 style=\"text-align: left;\">De REtall destaquem RE de:<\/h2>\n <ul>\n <li><span style=\"font-size: 130%;\">Reduir<\/span><\/li>\n <li><span style=\"font-size: 130%;\">REcuperar<\/span><\/li>\n <li><span style=\"font-size: 130%;\">REutilitzar<\/span><\/li>\n <li><span style=\"font-size: 130%;\">Reciclar<\/span><\/li>\n <li><span style=\"font-size: 130%;\">REpensar&#8230;<\/span><\/li>\n <li><span style=\"font-size: 130%;\">REDissenyar sempre de la m\u00e0 de la sostenibilitat.<\/span><\/li>\n <\/ul>\n\n\t\t<\/div>\n\t\t\t\t\t<\/div>\n\n\t\n\n<\/div>\n\n\t\t<\/div>\n\n\t\t\n<style>\n#section_1359132706 {\n  padding-top: 59px;\n  padding-bottom: 59px;\n  min-height: 300px;\n  background-color: rgb(171, 171, 171);\n}\n#section_1359132706 .section-bg-overlay {\n  background-color: rgba(0, 0, 0, 0.64);\n}\n<\/style>\n\t<\/section>\n\t\n\t<section class=\"section\" id=\"section_927290409\">\n\t\t<div class=\"bg section-bg fill bg-fill  bg-loaded\" >\n\n\t\t\t\n\t\t\t\n\t\t\t\n\n\t\t<\/div>\n\n\t\t\n\n\t\t<div class=\"section-content relative\">\n\t\t\t\n\n<div class=\"row\"  id=\"row-1375588014\">\n\n\n\t<div id=\"col-1567157535\" class=\"col medium-7 small-12 large-7\"  >\n\t\t\t\t<div class=\"col-inner\"  >\n\t\t\t\n\t\t\t\n\n\t<div id=\"gap-74843068\" class=\"gap-element clearfix\" style=\"display:block; height:auto;\">\n\t\t\n<style>\n#gap-74843068 {\n  padding-top: 40px;\n}\n<\/style>\n\t<\/div>\n\t\n\n \t<div id=\"gap-200518412\" class=\"gap-element clearfix hide-for-medium\" style=\"display:block; height:auto;\">\n\t\t\n<style>\n#gap-200518412 {\n  padding-top: 60px;\n}\n<\/style>\n\t<\/div>\n\t\n\n <h3><strong>Quan sorgeix la idea de REtall?<\/strong><\/h3>\n <p><span style=\"font-weight: 400;\">REtall neix al profund espai de reflexi\u00f3 i canvi provocat per la meva segona maternitat. A la recerca de l&#8217;equilibri entre conciliaci\u00f3 familiar i desenvolupament professional&#8230; prenent com a punt de partida \u201cque puc fer amb el que tinc\u201d i sumant bagatge i habilitats professionals i personals.<\/span><\/p>\n <p>La nostra flexibilitat en l&#8217;elecci\u00f3 de materials ens permet adaptar-nos a les vostres necessitats espec\u00edfiques i garantir que el vostre projecte compleixi els m\u00e9s alts est\u00e0ndards de sostenibilitat.<\/p>\n <p>A Retall, treballem amb una \u00e0mplia gamma de materials que inclouen:<\/p>\n\n\t\t<\/div>\n\t\t\t\t\t<\/div>\n\n\t\n\n\t<div id=\"col-50897284\" class=\"col medium-5 small-12 large-5\"  >\n\t\t\t\t<div class=\"col-inner\"  >\n\t\t\t\n\t\t\t\n\n\t<div id=\"gap-1619827940\" class=\"gap-element clearfix\" style=\"display:block; height:auto;\">\n\t\t\n<style>\n#gap-1619827940 {\n  padding-top: 40px;\n}\n<\/style>\n\t<\/div>\n\t\n\n\t<div class=\"img has-hover x md-x lg-x y md-y lg-y\" id=\"image_1689187346\">\n\t\t\t\t\t\t\t\t<div class=\"img-inner image-cover dark\" style=\"padding-top:100%;\">\n\t\t\t<img loading=\"lazy\" decoding=\"async\" width=\"973\" height=\"1216\" src=\"https:\/\/retall.es\/wp-content\/uploads\/2023\/11\/juego-3-en-raya-jugando-retall-corte-laser-barcelona-plastico-reciclado.jpg\" class=\"attachment-original size-original\" alt=\"\" srcset=\"https:\/\/retall.es\/wp-content\/uploads\/2023\/11\/juego-3-en-raya-jugando-retall-corte-laser-barcelona-plastico-reciclado.jpg 973w, https:\/\/retall.es\/wp-content\/uploads\/2023\/11\/juego-3-en-raya-jugando-retall-corte-laser-barcelona-plastico-reciclado-240x300.jpg 240w, https:\/\/retall.es\/wp-content\/uploads\/2023\/11\/juego-3-en-raya-jugando-retall-corte-laser-barcelona-plastico-reciclado-819x1024.jpg 819w, https:\/\/retall.es\/wp-content\/uploads\/2023\/11\/juego-3-en-raya-jugando-retall-corte-laser-barcelona-plastico-reciclado-768x960.jpg 768w, https:\/\/retall.es\/wp-content\/uploads\/2023\/11\/juego-3-en-raya-jugando-retall-corte-laser-barcelona-plastico-reciclado-600x750.jpg 600w\" sizes=\"auto, (max-width: 973px) 100vw, 973px\" \/>\t\t\t\t\t\t\n\t\t\t\t\t<\/div>\n\t\t\t\t\t\t\t\t\n<style>\n#image_1689187346 {\n  width: 100%;\n}\n<\/style>\n\t<\/div>\n\t\n\n\n\t\t<\/div>\n\t\t\t\t\t<\/div>\n\n\t\n\n<\/div>\n\n\t\t<\/div>\n\n\t\t\n<style>\n#section_927290409 {\n  padding-top: 30px;\n  padding-bottom: 30px;\n}\n<\/style>\n\t<\/section>\n\t\n\t<section class=\"section\" id=\"section_1138314249\">\n\t\t<div class=\"bg section-bg fill bg-fill  bg-loaded\" >\n\n\t\t\t\n\t\t\t<div class=\"section-bg-overlay absolute fill\"><\/div>\n\t\t\t\n\n\t\t<\/div>\n\n\t\t\n\n\t\t<div class=\"section-content relative\">\n\t\t\t\n\n<div class=\"row\"  id=\"row-1856296600\">\n\n\n\t<div id=\"col-651522927\" class=\"col medium-5 small-12 large-5\"  >\n\t\t\t\t<div class=\"col-inner\"  >\n\t\t\t\n\t\t\t\n\n\t<div class=\"img has-hover x md-x lg-x y md-y lg-y\" id=\"image_1672341432\">\n\t\t\t\t\t\t\t\t<div class=\"img-inner dark\" >\n\t\t\t<img loading=\"lazy\" decoding=\"async\" width=\"512\" height=\"512\" src=\"https:\/\/retall.es\/wp-content\/uploads\/2023\/10\/cropped-RETALL_Logo.png\" class=\"attachment-original size-original\" alt=\"\" srcset=\"https:\/\/retall.es\/wp-content\/uploads\/2023\/10\/cropped-RETALL_Logo.png 512w, https:\/\/retall.es\/wp-content\/uploads\/2023\/10\/cropped-RETALL_Logo-300x300.png 300w, https:\/\/retall.es\/wp-content\/uploads\/2023\/10\/cropped-RETALL_Logo-150x150.png 150w, https:\/\/retall.es\/wp-content\/uploads\/2023\/10\/cropped-RETALL_Logo-100x100.png 100w, https:\/\/retall.es\/wp-content\/uploads\/2023\/10\/cropped-RETALL_Logo-270x270.png 270w, https:\/\/retall.es\/wp-content\/uploads\/2023\/10\/cropped-RETALL_Logo-192x192.png 192w, https:\/\/retall.es\/wp-content\/uploads\/2023\/10\/cropped-RETALL_Logo-180x180.png 180w, https:\/\/retall.es\/wp-content\/uploads\/2023\/10\/cropped-RETALL_Logo-32x32.png 32w\" sizes=\"auto, (max-width: 512px) 100vw, 512px\" \/>\t\t\t\t\t\t\n\t\t\t\t\t<\/div>\n\t\t\t\t\t\t\t\t\n<style>\n#image_1672341432 {\n  width: 86%;\n}\n<\/style>\n\t<\/div>\n\t\n\n\n\t\t<\/div>\n\t\t\t\t\t<\/div>\n\n\t\n\n\t<div id=\"col-239448625\" class=\"col medium-7 small-12 large-7 small-col-first\"  >\n\t\t\t\t<div class=\"col-inner\"  >\n\t\t\t\n\t\t\t\n\n\t<div id=\"gap-862077949\" class=\"gap-element clearfix hide-for-medium\" style=\"display:block; height:auto;\">\n\t\t\n<style>\n#gap-862077949 {\n  padding-top: 40px;\n}\n<\/style>\n\t<\/div>\n\t\n\n <h3><strong>Els nostres Or\u00edgens<\/strong><\/h3>\n <p>\u201cEl que tinc\u201d \u00e9s una empresa familiar de retolaci\u00f3 i arts gr\u00e0fiques que genera RESIDUS&#8230; observant-los, quantificant-los i seleccionant-los vaig arribar a la conclusi\u00f3 que alguns materials eren massa valuosos per descartar-los sense ni tan sols haver-los fet servir. Utilitzo peces que per la seva forma o petit format acabarien a l&#8217;abocador&#8230; les RESCAT i els dono l&#8217;oportunitat de convertir-se en OBJECTES SINGULARS!<\/p>\n\n\t\t<\/div>\n\t\t\t\t\t<\/div>\n\n\t\n\n<\/div>\n\n\t\t<\/div>\n\n\t\t\n<style>\n#section_1138314249 {\n  padding-top: 60px;\n  padding-bottom: 60px;\n  background-color: rgb(193, 193, 193);\n}\n#section_1138314249 .section-bg-overlay {\n  background-color: rgba(255, 255, 255, 0.85);\n}\n<\/style>\n\t<\/section>\n\t\n\t<section class=\"section\" id=\"section_720377304\">\n\t\t<div class=\"bg section-bg fill bg-fill  bg-loaded\" >\n\n\t\t\t\n\t\t\t\n\t\t\t\n\n\t\t<\/div>\n\n\t\t\n\n\t\t<div class=\"section-content relative\">\n\t\t\t\n\n\t<div id=\"gap-2055133609\" class=\"gap-element clearfix\" style=\"display:block; height:auto;\">\n\t\t\n<style>\n#gap-2055133609 {\n  padding-top: 30px;\n}\n<\/style>\n\t<\/div>\n\t\n\n<div class=\"row\"  id=\"row-860942299\">\n\n\n\t<div id=\"col-171069686\" class=\"col medium-8 small-12 large-8\"  >\n\t\t\t\t<div class=\"col-inner\"  >\n\t\t\t\n\t\t\t\n\n<h3><strong>La Sostenibilitat \u00e9s la nostra base<\/strong><\/h3>\n <p>RETall m&#8217;ha perm\u00e8s fer realitat els meus somnis! Dissenyar des de l&#8217;arquitectura donant curs a la meva creativitat i alhora poder fabricar-ho en companyia de la sostenibilitat. \u00c9s el meu petit gra de sorra per CANVIAR EL M\u00d3N&#8230; per cuidar el planeta on vivim gaudint de la meva feina.<\/p>\n\n\t\t<\/div>\n\t\t\t\t\t<\/div>\n\n\t\n\n\t<div id=\"col-879327856\" class=\"col medium-3 small-12 large-3\"  >\n\t\t\t\t<div class=\"col-inner text-center\"  >\n\t\t\t\n\t\t\t\n\n\t<div id=\"gap-345632353\" class=\"gap-element clearfix\" style=\"display:block; height:auto;\">\n\t\t\n<style>\n#gap-345632353 {\n  padding-top: 40px;\n}\n<\/style>\n\t<\/div>\n\t\n\n<a href=\"https:\/\/retall.es\/contacto-corte-laser-barcelona\/\" class=\"button primary is-outline is-larger\"  >\n    <span>CONTACTA<\/span>\n  <\/a>\n\n\n\n\t\t<\/div>\n\t\t\t\t\t<\/div>\n\n\t\n\n<\/div>\n\n\t\t<\/div>\n\n\t\t\n<style>\n#section_720377304 {\n  padding-top: 30px;\n  padding-bottom: 30px;\n}\n<\/style>\n\t<\/section>\n\t\n\t<section class=\"section\" id=\"section_735217537\">\n\t\t<div class=\"bg section-bg fill bg-fill  bg-loaded\" >\n\n\t\t\t\n\t\t\t<div class=\"section-bg-overlay absolute fill\"><\/div>\n\t\t\t\n\n\t\t<\/div>\n\n\t\t\n\n\t\t<div class=\"section-content relative\">\n\t\t\t\n\n\n\t\t<\/div>\n\n\t\t\n<style>\n#section_735217537 {\n  padding-top: 0px;\n  padding-bottom: 0px;\n  background-color: rgb(247, 247, 247);\n}\n#section_735217537 .section-bg-overlay {\n  background-color: rgba(255, 255, 255, 0.85);\n}\n<\/style>\n\t<\/section>\n\t\n\n","protected":false},"excerpt":{"rendered":"","protected":false},"author":1,"featured_media":0,"parent":0,"menu_order":0,"comment_status":"closed","ping_status":"closed","template":"page-blank.php","meta":{"footnotes":""},"class_list":["post-658","page","type-page","status-publish","hentry"],"yoast_head":"<!-- This site is optimized with the Yoast SEO plugin v27.5 - https:\/\/yoast.com\/product\/yoast-seo-wordpress\/ -->\n<title>Retall - Laboratori creatiu de tall L\u00e0ser a Barcelona<\/title>\n<meta name=\"robots\" content=\"index, follow, max-snippet:-1, max-image-preview:large, max-video-preview:-1\" \/>\n<link rel=\"canonical\" href=\"https:\/\/retall.es\/ca\/qui-som\/\" \/>\n<meta property=\"og:locale\" content=\"ca_ES\" \/>\n<meta property=\"og:type\" content=\"article\" \/>\n<meta property=\"og:title\" content=\"Retall - Laboratori creatiu de tall L\u00e0ser a Barcelona\" \/>\n<meta property=\"og:url\" content=\"https:\/\/retall.es\/ca\/qui-som\/\" \/>\n<meta property=\"og:site_name\" content=\"Retall\" \/>\n<meta property=\"article:modified_time\" content=\"2024-01-24T11:20:29+00:00\" \/>\n<meta name=\"twitter:card\" content=\"summary_large_image\" \/>\n<meta name=\"twitter:label1\" content=\"Temps estimat de lectura\" \/>\n\t<meta name=\"twitter:data1\" content=\"3 minuts\" \/>\n<script type=\"application\/ld+json\" class=\"yoast-schema-graph\">{\"@context\":\"https:\\\/\\\/schema.org\",\"@graph\":[{\"@type\":\"WebPage\",\"@id\":\"https:\\\/\\\/retall.es\\\/ca\\\/qui-som\\\/\",\"url\":\"https:\\\/\\\/retall.es\\\/ca\\\/qui-som\\\/\",\"name\":\"Retall - Laboratori creatiu de tall L\u00e0ser a Barcelona\",\"isPartOf\":{\"@id\":\"https:\\\/\\\/retall.es\\\/ca\\\/#website\"},\"datePublished\":\"2023-11-08T11:24:38+00:00\",\"dateModified\":\"2024-01-24T11:20:29+00:00\",\"breadcrumb\":{\"@id\":\"https:\\\/\\\/retall.es\\\/ca\\\/qui-som\\\/#breadcrumb\"},\"inLanguage\":\"ca\",\"potentialAction\":[{\"@type\":\"ReadAction\",\"target\":[\"https:\\\/\\\/retall.es\\\/ca\\\/qui-som\\\/\"]}]},{\"@type\":\"BreadcrumbList\",\"@id\":\"https:\\\/\\\/retall.es\\\/ca\\\/qui-som\\\/#breadcrumb\",\"itemListElement\":[{\"@type\":\"ListItem\",\"position\":1,\"name\":\"Portada\",\"item\":\"https:\\\/\\\/retall.es\\\/ca\\\/retall-tall-laser-a-barcelona\\\/\"},{\"@type\":\"ListItem\",\"position\":2,\"name\":\"Qui som\"}]},{\"@type\":\"WebSite\",\"@id\":\"https:\\\/\\\/retall.es\\\/ca\\\/#website\",\"url\":\"https:\\\/\\\/retall.es\\\/ca\\\/\",\"name\":\"Retall - Laboratorio de corte laser en Barcelona\",\"description\":\"Fabricaci&oacute;n Digital - Corte laser en Barcelona\",\"publisher\":{\"@id\":\"https:\\\/\\\/retall.es\\\/ca\\\/#organization\"},\"potentialAction\":[{\"@type\":\"SearchAction\",\"target\":{\"@type\":\"EntryPoint\",\"urlTemplate\":\"https:\\\/\\\/retall.es\\\/ca\\\/?s={search_term_string}\"},\"query-input\":{\"@type\":\"PropertyValueSpecification\",\"valueRequired\":true,\"valueName\":\"search_term_string\"}}],\"inLanguage\":\"ca\"},{\"@type\":\"Organization\",\"@id\":\"https:\\\/\\\/retall.es\\\/ca\\\/#organization\",\"name\":\"Retall - Laboratorio de corte laser en Barcelona\",\"url\":\"https:\\\/\\\/retall.es\\\/ca\\\/\",\"logo\":{\"@type\":\"ImageObject\",\"inLanguage\":\"ca\",\"@id\":\"https:\\\/\\\/retall.es\\\/ca\\\/#\\\/schema\\\/logo\\\/image\\\/\",\"url\":\"https:\\\/\\\/retall.es\\\/wp-content\\\/uploads\\\/2023\\\/10\\\/RETALL_Logo.png\",\"contentUrl\":\"https:\\\/\\\/retall.es\\\/wp-content\\\/uploads\\\/2023\\\/10\\\/RETALL_Logo.png\",\"width\":342,\"height\":342,\"caption\":\"Retall - Laboratorio de corte laser en Barcelona\"},\"image\":{\"@id\":\"https:\\\/\\\/retall.es\\\/ca\\\/#\\\/schema\\\/logo\\\/image\\\/\"}}]}<\/script>\n<!-- \/ Yoast SEO plugin. -->","yoast_head_json":{"title":"Retall - Laboratori creatiu de tall L\u00e0ser a Barcelona","robots":{"index":"index","follow":"follow","max-snippet":"max-snippet:-1","max-image-preview":"max-image-preview:large","max-video-preview":"max-video-preview:-1"},"canonical":"https:\/\/retall.es\/ca\/qui-som\/","og_locale":"ca_ES","og_type":"article","og_title":"Retall - Laboratori creatiu de tall L\u00e0ser a Barcelona","og_url":"https:\/\/retall.es\/ca\/qui-som\/","og_site_name":"Retall","article_modified_time":"2024-01-24T11:20:29+00:00","twitter_card":"summary_large_image","twitter_misc":{"Temps estimat de lectura":"3 minuts"},"schema":{"@context":"https:\/\/schema.org","@graph":[{"@type":"WebPage","@id":"https:\/\/retall.es\/ca\/qui-som\/","url":"https:\/\/retall.es\/ca\/qui-som\/","name":"Retall - Laboratori creatiu de tall L\u00e0ser a Barcelona","isPartOf":{"@id":"https:\/\/retall.es\/ca\/#website"},"datePublished":"2023-11-08T11:24:38+00:00","dateModified":"2024-01-24T11:20:29+00:00","breadcrumb":{"@id":"https:\/\/retall.es\/ca\/qui-som\/#breadcrumb"},"inLanguage":"ca","potentialAction":[{"@type":"ReadAction","target":["https:\/\/retall.es\/ca\/qui-som\/"]}]},{"@type":"BreadcrumbList","@id":"https:\/\/retall.es\/ca\/qui-som\/#breadcrumb","itemListElement":[{"@type":"ListItem","position":1,"name":"Portada","item":"https:\/\/retall.es\/ca\/retall-tall-laser-a-barcelona\/"},{"@type":"ListItem","position":2,"name":"Qui som"}]},{"@type":"WebSite","@id":"https:\/\/retall.es\/ca\/#website","url":"https:\/\/retall.es\/ca\/","name":"Retall - Laboratorio de corte laser en Barcelona","description":"Fabricaci&oacute;n Digital - Corte laser en Barcelona","publisher":{"@id":"https:\/\/retall.es\/ca\/#organization"},"potentialAction":[{"@type":"SearchAction","target":{"@type":"EntryPoint","urlTemplate":"https:\/\/retall.es\/ca\/?s={search_term_string}"},"query-input":{"@type":"PropertyValueSpecification","valueRequired":true,"valueName":"search_term_string"}}],"inLanguage":"ca"},{"@type":"Organization","@id":"https:\/\/retall.es\/ca\/#organization","name":"Retall - Laboratorio de corte laser en Barcelona","url":"https:\/\/retall.es\/ca\/","logo":{"@type":"ImageObject","inLanguage":"ca","@id":"https:\/\/retall.es\/ca\/#\/schema\/logo\/image\/","url":"https:\/\/retall.es\/wp-content\/uploads\/2023\/10\/RETALL_Logo.png","contentUrl":"https:\/\/retall.es\/wp-content\/uploads\/2023\/10\/RETALL_Logo.png","width":342,"height":342,"caption":"Retall - Laboratorio de corte laser en Barcelona"},"image":{"@id":"https:\/\/retall.es\/ca\/#\/schema\/logo\/image\/"}}]}},"_links":{"self":[{"href":"https:\/\/retall.es\/ca\/wp-json\/wp\/v2\/pages\/658","targetHints":{"allow":["GET"]}}],"collection":[{"href":"https:\/\/retall.es\/ca\/wp-json\/wp\/v2\/pages"}],"about":[{"href":"https:\/\/retall.es\/ca\/wp-json\/wp\/v2\/types\/page"}],"author":[{"embeddable":true,"href":"https:\/\/retall.es\/ca\/wp-json\/wp\/v2\/users\/1"}],"replies":[{"embeddable":true,"href":"https:\/\/retall.es\/ca\/wp-json\/wp\/v2\/comments?post=658"}],"version-history":[{"count":1,"href":"https:\/\/retall.es\/ca\/wp-json\/wp\/v2\/pages\/658\/revisions"}],"predecessor-version":[{"id":659,"href":"https:\/\/retall.es\/ca\/wp-json\/wp\/v2\/pages\/658\/revisions\/659"}],"wp:attachment":[{"href":"https:\/\/retall.es\/ca\/wp-json\/wp\/v2\/media?parent=658"}],"curies":[{"name":"wp","href":"https:\/\/api.w.org\/{rel}","templated":true}]}}