{"id":660,"date":"2023-11-07T18:07:45","date_gmt":"2023-11-07T18:07:45","guid":{"rendered":"https:\/\/retall.es\/personalitzacio\/"},"modified":"2024-01-24T11:34:57","modified_gmt":"2024-01-24T11:34:57","slug":"personalitzacio","status":"publish","type":"page","link":"https:\/\/retall.es\/ca\/personalitzacio\/","title":{"rendered":"Personalitzaci\u00f3"},"content":{"rendered":"\n<div class=\"slider-wrapper relative\" id=\"slider-1220473287\" >\n    <div class=\"slider slider-nav-circle slider-nav-large slider-nav-light slider-style-normal\"\n        data-flickity-options='{\n            \"cellAlign\": \"center\",\n            \"imagesLoaded\": true,\n            \"lazyLoad\": 1,\n            \"freeScroll\": false,\n            \"wrapAround\": true,\n            \"autoPlay\": 6000,\n            \"pauseAutoPlayOnHover\" : true,\n            \"prevNextButtons\": true,\n            \"contain\" : true,\n            \"adaptiveHeight\" : true,\n            \"dragThreshold\" : 10,\n            \"percentPosition\": true,\n            \"pageDots\": true,\n            \"rightToLeft\": false,\n            \"draggable\": true,\n            \"selectedAttraction\": 0.1,\n            \"parallax\" : 0,\n            \"friction\": 0.6        }'\n        >\n        \n\n\n  <div class=\"banner has-hover has-parallax\" id=\"banner-1267302903\">\n          <div class=\"banner-inner fill\">\n        <div class=\"banner-bg fill\" data-parallax=\"-4\" data-parallax-container=\".banner\" data-parallax-background>\n            <div class=\"bg fill bg-fill \"><\/div>\n                        <div class=\"overlay\"><\/div>            \n                    <\/div>\n\t\t\n        <div class=\"banner-layers container\">\n            <div class=\"fill banner-link\"><\/div>            \n\n   <div id=\"text-box-1444190456\" class=\"text-box banner-layer x50 md-x50 lg-x50 y50 md-y50 lg-y50 res-text\">\n                                <div class=\"text-box-content text dark\">\n              \n              <div class=\"text-inner text-center\">\n                  \n\n<h3 class=\"uppercase\"><strong>Personalitzaci\u00f3 amb tall l\u00e0ser<\/strong><\/h3>\n <p>Dona curs a la teva creativitat, nosaltres t&#8217;ajudem a personalitzar el que la teva imaginaci\u00f3 s&#8217;inventi i ho tallem amb tall l\u00e0ser com si f\u00f3ssim Luk Skywalker per\u00f2 millor, ja que utilitzem materials 100% rescatats i ho fem tot a Barcelona<\/ p>\n\n              <\/div>\n           <\/div>\n                            \n<style>\n#text-box-1444190456 {\n  width: 85%;\n}\n#text-box-1444190456 .text-box-content {\n  font-size: 126%;\n}\n@media (min-width:550px) {\n  #text-box-1444190456 {\n    width: 60%;\n  }\n  #text-box-1444190456 .text-box-content {\n    font-size: 100%;\n  }\n}\n<\/style>\n    <\/div>\n \n\n        <\/div>\n      <\/div>\n\n            \n<style>\n#banner-1267302903 {\n  padding-top: 299px;\n}\n#banner-1267302903 .bg.bg-loaded {\n  background-image: url(https:\/\/retall.es\/wp-content\/uploads\/2023\/10\/retall-corte-laser-barcelona.jpg);\n}\n#banner-1267302903 .overlay {\n  background-color: rgba(0,0,0,.5);\n}\n#banner-1267302903 .bg {\n  background-position: 54% 100%;\n}\n@media (min-width:550px) {\n  #banner-1267302903 {\n    padding-top: 450px;\n  }\n}\n<\/style>\n  <\/div>\n\n\n\n     <\/div>\n\n     <div class=\"loading-spin dark large centered\"><\/div>\n\n\t<\/div>\n\n\n\t<div id=\"gap-1190678919\" class=\"gap-element clearfix\" style=\"display:block; height:auto;\">\n\t\t\n<style>\n#gap-1190678919 {\n  padding-top: 30px;\n}\n@media (min-width:550px) {\n  #gap-1190678919 {\n    padding-top: 60px;\n  }\n}\n<\/style>\n\t<\/div>\n\t\n\n<div class=\"row\"  id=\"row-1793565787\">\n\n\n\t<div id=\"col-425317681\" class=\"col medium-6 small-12 large-6\"  >\n\t\t\t\t<div class=\"col-inner\"  >\n\t\t\t\n\t\t\t\n\n<h2>Personalitzaci\u00f3 amb tall i gravat l\u00e0ser a Barcelona<\/h2>\n <p>Dona curs a la teva creativitat, nosaltres t&#8217;ajudem a personalitzar el que la teva imaginaci\u00f3 s&#8217;inventi i ho tallem amb tall l\u00e0ser com si f\u00f3ssim Luk Skywalker per\u00f2 millor, ja que utilitzem materials 100% rescatats i ho fem tot a Barcelona.< \/p>\n \t<div id=\"gap-1580561124\" class=\"gap-element clearfix\" style=\"display:block; height:auto;\">\n\t\t\n<style>\n#gap-1580561124 {\n  padding-top: 30px;\n}\n<\/style>\n\t<\/div>\n\t\n\n   <div class=\"banner-grid-wrapper\">\n  <div id=\"banner-grid-1671241093\" class=\"banner-grid row row-grid row-small\" data-packery-options=\"\">\n                      \n\n <div class=\"col grid-col large-12 grid-col-3-4\" ><div class=\"col-inner\">\n\n\n  <div class=\"banner has-hover bg-overlay-remove\" id=\"banner-315343977\">\n          <div class=\"banner-inner fill\">\n        <div class=\"banner-bg fill\" >\n            <div class=\"bg fill bg-fill \"><\/div>\n                        <div class=\"overlay\"><\/div>            \n                    <\/div>\n\t\t\n        <div class=\"banner-layers container\">\n            <div class=\"fill banner-link\"><\/div>            \n\n   <div id=\"text-box-237302999\" class=\"text-box banner-layer x50 md-x50 lg-x50 y50 md-y50 lg-y50 res-text\">\n                                <div class=\"text-box-content text dark\">\n              \n              <div class=\"text-inner text-center\">\n                  \n\n\t<div id=\"text-528737869\" class=\"text\">\n\t\t\n\n<h3 class=\"uppercase\"><strong>PERSONALITZEM EL QUE VULGUIS<\/strong><\/h3>\n <p>Fem possibles les teves creacions gr\u00e0cies al tall l\u00e0ser<\/p>\n\t\t\n<style>\n#text-528737869 {\n  font-size: 1.15rem;\n}\n<\/style>\n\t<\/div>\n\t\n\n              <\/div>\n           <\/div>\n                            \n<style>\n#text-box-237302999 {\n  width: 85%;\n}\n#text-box-237302999 .text-box-content {\n  font-size: 100%;\n}\n<\/style>\n    <\/div>\n \n\n        <\/div>\n      <\/div>\n\n            \n<style>\n#banner-315343977 {\n  padding-top: 500px;\n}\n#banner-315343977 .bg.bg-loaded {\n  background-image: url(https:\/\/retall.es\/wp-content\/uploads\/2023\/11\/posavasos-identificadores-metacrilato-transparente-coleccion-rosa-retall-corte-laser-barcelona-plastico-reciclado-2-682x1024.jpg);\n}\n#banner-315343977 .overlay {\n  background-color: rgba(0,0,0,.5);\n}\n#banner-315343977 .bg {\n  background-position: 0% 79%;\n}\n<\/style>\n  <\/div>\n\n\n\n<\/div><\/div>\n <div class=\"col grid-col large-4 grid-col-1-3\" ><div class=\"col-inner\">\n\n\t<div class=\"img has-hover x md-x lg-x y md-y lg-y\" id=\"image_1855250093\">\n\t\t\t\t\t\t\t\t<div class=\"img-inner dark\" >\n\t\t\t<img loading=\"lazy\" decoding=\"async\" width=\"1020\" height=\"765\" src=\"https:\/\/retall.es\/wp-content\/uploads\/2023\/11\/joya-llavero-personalizado-metacrilato-transparente-pintado-a-mano-retall-corte-laser-barcelona-plastico-reciclado.jpg\" class=\"attachment-large size-large\" alt=\"\" srcset=\"https:\/\/retall.es\/wp-content\/uploads\/2023\/11\/joya-llavero-personalizado-metacrilato-transparente-pintado-a-mano-retall-corte-laser-barcelona-plastico-reciclado.jpg 1024w, https:\/\/retall.es\/wp-content\/uploads\/2023\/11\/joya-llavero-personalizado-metacrilato-transparente-pintado-a-mano-retall-corte-laser-barcelona-plastico-reciclado-300x225.jpg 300w, https:\/\/retall.es\/wp-content\/uploads\/2023\/11\/joya-llavero-personalizado-metacrilato-transparente-pintado-a-mano-retall-corte-laser-barcelona-plastico-reciclado-768x576.jpg 768w, https:\/\/retall.es\/wp-content\/uploads\/2023\/11\/joya-llavero-personalizado-metacrilato-transparente-pintado-a-mano-retall-corte-laser-barcelona-plastico-reciclado-600x450.jpg 600w\" sizes=\"auto, (max-width: 1020px) 100vw, 1020px\" \/>\t\t\t\t\t\t\n\t\t\t\t\t<\/div>\n\t\t\t\t\t\t\t\t\n<style>\n#image_1855250093 {\n  width: 100%;\n}\n<\/style>\n\t<\/div>\n\t\n\n\n<\/div><\/div>\n <div class=\"col grid-col large-4 grid-col-1-3\" ><div class=\"col-inner\">\n\n\t<div class=\"img has-hover x md-x lg-x y md-y lg-y\" id=\"image_1131504685\">\n\t\t\t\t\t\t\t\t<div class=\"img-inner dark\" >\n\t\t\t<img loading=\"lazy\" decoding=\"async\" width=\"405\" height=\"324\" src=\"https:\/\/retall.es\/wp-content\/uploads\/2023\/11\/joya-llaveros-coleccion-mar-retall-corte-laser-barcelona-plastico-reciclado.jpg\" class=\"attachment-large size-large\" alt=\"\" srcset=\"https:\/\/retall.es\/wp-content\/uploads\/2023\/11\/joya-llaveros-coleccion-mar-retall-corte-laser-barcelona-plastico-reciclado.jpg 405w, https:\/\/retall.es\/wp-content\/uploads\/2023\/11\/joya-llaveros-coleccion-mar-retall-corte-laser-barcelona-plastico-reciclado-300x240.jpg 300w\" sizes=\"auto, (max-width: 405px) 100vw, 405px\" \/>\t\t\t\t\t\t\n\t\t\t\t\t<\/div>\n\t\t\t\t\t\t\t\t\n<style>\n#image_1131504685 {\n  width: 100%;\n}\n<\/style>\n\t<\/div>\n\t\n\n\n<\/div><\/div>\n <div class=\"col grid-col large-4 grid-col-1-3\" ><div class=\"col-inner\">\n\n\t<div class=\"img has-hover x md-x lg-x y md-y lg-y\" id=\"image_955493907\">\n\t\t\t\t\t\t\t\t<div class=\"img-inner dark\" >\n\t\t\t<img loading=\"lazy\" decoding=\"async\" width=\"473\" height=\"1024\" src=\"https:\/\/retall.es\/wp-content\/uploads\/2023\/11\/tooper-cumpleanos-personalizado-metacrilato-blanco-pintado-a-mano-retall-corte-laser-barcelona-plastico-reciclado-2-473x1024.jpg\" class=\"attachment-large size-large\" alt=\"\" srcset=\"https:\/\/retall.es\/wp-content\/uploads\/2023\/11\/tooper-cumpleanos-personalizado-metacrilato-blanco-pintado-a-mano-retall-corte-laser-barcelona-plastico-reciclado-2-473x1024.jpg 473w, https:\/\/retall.es\/wp-content\/uploads\/2023\/11\/tooper-cumpleanos-personalizado-metacrilato-blanco-pintado-a-mano-retall-corte-laser-barcelona-plastico-reciclado-2-139x300.jpg 139w, https:\/\/retall.es\/wp-content\/uploads\/2023\/11\/tooper-cumpleanos-personalizado-metacrilato-blanco-pintado-a-mano-retall-corte-laser-barcelona-plastico-reciclado-2-768x1662.jpg 768w, https:\/\/retall.es\/wp-content\/uploads\/2023\/11\/tooper-cumpleanos-personalizado-metacrilato-blanco-pintado-a-mano-retall-corte-laser-barcelona-plastico-reciclado-2-710x1536.jpg 710w, https:\/\/retall.es\/wp-content\/uploads\/2023\/11\/tooper-cumpleanos-personalizado-metacrilato-blanco-pintado-a-mano-retall-corte-laser-barcelona-plastico-reciclado-2-946x2048.jpg 946w, https:\/\/retall.es\/wp-content\/uploads\/2023\/11\/tooper-cumpleanos-personalizado-metacrilato-blanco-pintado-a-mano-retall-corte-laser-barcelona-plastico-reciclado-2-600x1298.jpg 600w, https:\/\/retall.es\/wp-content\/uploads\/2023\/11\/tooper-cumpleanos-personalizado-metacrilato-blanco-pintado-a-mano-retall-corte-laser-barcelona-plastico-reciclado-2.jpg 1170w\" sizes=\"auto, (max-width: 473px) 100vw, 473px\" \/>\t\t\t\t\t\t\n\t\t\t\t\t<\/div>\n\t\t\t\t\t\t\t\t\n<style>\n#image_955493907 {\n  width: 100%;\n}\n<\/style>\n\t<\/div>\n\t\n\n\n<\/div><\/div>\n\n             <\/div>\n    <style>\n    #banner-grid-1671241093 .grid-col-1{height: 600px}\n    #banner-grid-1671241093 .grid-col-1-2{height: 300px}\n    #banner-grid-1671241093 .grid-col-1-3{height:200px}\n    #banner-grid-1671241093 .grid-col-2-3{height: 400px}\n    #banner-grid-1671241093 .grid-col-1-4{height: 150px}\n    #banner-grid-1671241093 .grid-col-3-4{height: 450px}\n\n\n    \n    \n\n  <\/style>\n    <\/div>\n  \n\n\t\t<\/div>\n\t\t\t\t\n<style>\n#col-425317681 > .col-inner {\n  padding: 0px 10% 0px 0px;\n  margin: 0px 0px 0px 0px;\n}\n<\/style>\n\t<\/div>\n\n\t\n\n\t<div id=\"col-1002839886\" class=\"col medium-6 small-12 large-6 small-col-first\"  >\n\t\t\t\t<div class=\"col-inner\"  >\n\t\t\t\n\t\t\t\n\n\n<div class=\"wpcf7 no-js\" id=\"wpcf7-f398-o1\" lang=\"es-ES\" dir=\"ltr\" data-wpcf7-id=\"398\">\n<div class=\"screen-reader-response\"><p role=\"status\" aria-live=\"polite\" aria-atomic=\"true\"><\/p> <ul><\/ul><\/div>\n<form action=\"\/ca\/wp-json\/wp\/v2\/pages\/660#wpcf7-f398-o1\" method=\"post\" class=\"wpcf7-form init\" aria-label=\"Formulario de contacto\" enctype=\"multipart\/form-data\" novalidate=\"novalidate\" data-status=\"init\">\n<fieldset class=\"hidden-fields-container\"><input type=\"hidden\" name=\"_wpcf7\" value=\"398\" \/><input type=\"hidden\" name=\"_wpcf7_version\" value=\"6.1.5\" \/><input type=\"hidden\" name=\"_wpcf7_locale\" value=\"es_ES\" \/><input type=\"hidden\" name=\"_wpcf7_unit_tag\" value=\"wpcf7-f398-o1\" \/><input type=\"hidden\" name=\"_wpcf7_container_post\" value=\"0\" \/><input type=\"hidden\" name=\"_wpcf7_posted_data_hash\" value=\"\" \/>\n<\/fieldset>\n<p><label> Nombre y Apellidos<br \/>\n<span class=\"wpcf7-form-control-wrap\" data-name=\"your-name\"><input size=\"40\" maxlength=\"400\" class=\"wpcf7-form-control wpcf7-text wpcf7-validates-as-required\" autocomplete=\"name\" aria-required=\"true\" aria-invalid=\"false\" value=\"\" type=\"text\" name=\"your-name\" \/><\/span> <\/label>\n<\/p>\n<p><label> Email<br \/>\n<span class=\"wpcf7-form-control-wrap\" data-name=\"your-email\"><input size=\"40\" maxlength=\"400\" class=\"wpcf7-form-control wpcf7-email wpcf7-validates-as-required wpcf7-text wpcf7-validates-as-email\" autocomplete=\"email\" aria-required=\"true\" aria-invalid=\"false\" value=\"\" type=\"email\" name=\"your-email\" \/><\/span> <\/label>\n<\/p>\n<p><label> Tel\u00e9fono<br \/>\n<span class=\"wpcf7-form-control-wrap\" data-name=\"tel-296\"><input size=\"40\" maxlength=\"400\" class=\"wpcf7-form-control wpcf7-tel wpcf7-validates-as-required wpcf7-text wpcf7-validates-as-tel\" aria-required=\"true\" aria-invalid=\"false\" value=\"Tel\u00e9fono\" type=\"tel\" name=\"tel-296\" \/><\/span><\/label>\n<\/p>\n<p><label> \u00bfQu\u00e9 quieres personalizar?<br \/>\n<span class=\"wpcf7-form-control-wrap\" data-name=\"personalizar\"><input size=\"40\" maxlength=\"400\" class=\"wpcf7-form-control wpcf7-text wpcf7-validates-as-required\" aria-required=\"true\" aria-invalid=\"false\" value=\"\" type=\"text\" name=\"personalizar\" \/><\/span> <\/label>\n<\/p>\n<p><label> Material<br \/>\n<span class=\"wpcf7-form-control-wrap\" data-name=\"menu-108\"><select class=\"wpcf7-form-control wpcf7-select wpcf7-validates-as-required\" aria-required=\"true\" aria-invalid=\"false\" name=\"menu-108\"><option value=\"Cart\u00f3n\">Cart\u00f3n<\/option><option value=\"Papel\">Papel<\/option><option value=\"Cuero\">Cuero<\/option><option value=\"Metacrilato\">Metacrilato<\/option><option value=\"Madera\">Madera<\/option><option value=\"DM\">DM<\/option><option value=\"Otro\">Otro<\/option><\/select><\/span> <\/label>\n<\/p>\n<p><label> Inicio del proyecto<br \/>\n<span class=\"wpcf7-form-control-wrap\" data-name=\"date-369\"><input class=\"wpcf7-form-control wpcf7-date wpcf7-validates-as-date\" aria-invalid=\"false\" value=\"\" type=\"date\" name=\"date-369\" \/><\/span><\/label>\n<\/p>\n<p><label> Fecha l\u00edmite de entrega<br \/>\n<span class=\"wpcf7-form-control-wrap\" data-name=\"date-370\"><input class=\"wpcf7-form-control wpcf7-date wpcf7-validates-as-date\" aria-invalid=\"false\" value=\"\" type=\"date\" name=\"date-370\" \/><\/span><\/label>\n<\/p>\n<p><label> Adjuntar archivos<br \/>\n<span class=\"wpcf7-form-control-wrap\" data-name=\"file-312\"><input size=\"40\" class=\"wpcf7-form-control wpcf7-file\" accept=\".jpg,.png,.eps,.svg\" aria-invalid=\"false\" type=\"file\" name=\"file-312\" \/><\/span><\/label>\n<\/p>\n<p><label> Mensajes o observaciones<br \/>\n<span class=\"wpcf7-form-control-wrap\" data-name=\"text-281\"><input size=\"40\" maxlength=\"400\" class=\"wpcf7-form-control wpcf7-text\" aria-invalid=\"false\" value=\"Mensaje\" type=\"text\" name=\"text-281\" \/><\/span><\/label>\n<\/p>\n<p><span class=\"wpcf7-form-control-wrap\" data-name=\"checkbox-840\"><span class=\"wpcf7-form-control wpcf7-checkbox wpcf7-validates-as-required\"><span class=\"wpcf7-list-item first last\"><label><input type=\"checkbox\" name=\"checkbox-840[]\" value=\"He le\u00eddo y hacepto la pol\u00edtica de privacidad de Retall.es\" \/><span class=\"wpcf7-list-item-label\">He le\u00eddo y hacepto la pol\u00edtica de privacidad de Retall.es<\/span><\/label><\/span><\/span><\/span><br \/>\n<span class=\"wpcf7-form-control-wrap\" data-name=\"acceptance-24\"><span class=\"wpcf7-form-control wpcf7-acceptance optional\"><span class=\"wpcf7-list-item\"><label><input type=\"checkbox\" name=\"acceptance-24\" value=\"1\" aria-invalid=\"false\" \/><span class=\"wpcf7-list-item-label\">Acepto recibir notificaciones comerciales por parte de Retall.es<\/span><\/label><\/span><\/span><\/span>\n<\/p>\n<p><input class=\"wpcf7-form-control wpcf7-submit has-spinner\" type=\"submit\" value=\"Enviar\" \/>\n<\/p><div class=\"wpcf7-response-output\" aria-hidden=\"true\"><\/div>\n<\/form>\n<\/div>\n\n\n\n\t\t<\/div>\n\t\t\t\t\t<\/div>\n\n\t\n\n<\/div>\n\n","protected":false},"excerpt":{"rendered":"","protected":false},"author":1,"featured_media":0,"parent":0,"menu_order":0,"comment_status":"closed","ping_status":"closed","template":"page-blank.php","meta":{"footnotes":""},"class_list":["post-660","page","type-page","status-publish","hentry"],"yoast_head":"<!-- This site is optimized with the Yoast SEO plugin v27.5 - https:\/\/yoast.com\/product\/yoast-seo-wordpress\/ -->\n<title>Personalitzaci\u00f3 de productes per coorte i gravat l\u00e0ser a Barcelona | Retall<\/title>\n<meta name=\"robots\" content=\"index, follow, max-snippet:-1, max-image-preview:large, max-video-preview:-1\" \/>\n<link rel=\"canonical\" href=\"https:\/\/retall.es\/ca\/personalitzacio\/\" \/>\n<meta property=\"og:locale\" content=\"ca_ES\" \/>\n<meta property=\"og:type\" content=\"article\" \/>\n<meta property=\"og:title\" content=\"Personalitzaci\u00f3 de productes per coorte i gravat l\u00e0ser a Barcelona | Retall\" \/>\n<meta property=\"og:url\" content=\"https:\/\/retall.es\/ca\/personalitzacio\/\" \/>\n<meta property=\"og:site_name\" content=\"Retall\" \/>\n<meta property=\"article:modified_time\" content=\"2024-01-24T11:34:57+00:00\" \/>\n<meta name=\"twitter:card\" content=\"summary_large_image\" \/>\n<meta name=\"twitter:label1\" content=\"Temps estimat de lectura\" \/>\n\t<meta name=\"twitter:data1\" content=\"1 minut\" \/>\n<script type=\"application\/ld+json\" class=\"yoast-schema-graph\">{\"@context\":\"https:\\\/\\\/schema.org\",\"@graph\":[{\"@type\":\"WebPage\",\"@id\":\"https:\\\/\\\/retall.es\\\/ca\\\/personalitzacio\\\/\",\"url\":\"https:\\\/\\\/retall.es\\\/ca\\\/personalitzacio\\\/\",\"name\":\"Personalitzaci\u00f3 de productes per coorte i gravat l\u00e0ser a Barcelona | Retall\",\"isPartOf\":{\"@id\":\"https:\\\/\\\/retall.es\\\/ca\\\/#website\"},\"datePublished\":\"2023-11-07T18:07:45+00:00\",\"dateModified\":\"2024-01-24T11:34:57+00:00\",\"breadcrumb\":{\"@id\":\"https:\\\/\\\/retall.es\\\/ca\\\/personalitzacio\\\/#breadcrumb\"},\"inLanguage\":\"ca\",\"potentialAction\":[{\"@type\":\"ReadAction\",\"target\":[\"https:\\\/\\\/retall.es\\\/ca\\\/personalitzacio\\\/\"]}]},{\"@type\":\"BreadcrumbList\",\"@id\":\"https:\\\/\\\/retall.es\\\/ca\\\/personalitzacio\\\/#breadcrumb\",\"itemListElement\":[{\"@type\":\"ListItem\",\"position\":1,\"name\":\"Portada\",\"item\":\"https:\\\/\\\/retall.es\\\/ca\\\/retall-tall-laser-a-barcelona\\\/\"},{\"@type\":\"ListItem\",\"position\":2,\"name\":\"Personalitzaci\u00f3\"}]},{\"@type\":\"WebSite\",\"@id\":\"https:\\\/\\\/retall.es\\\/ca\\\/#website\",\"url\":\"https:\\\/\\\/retall.es\\\/ca\\\/\",\"name\":\"Retall - Laboratorio de corte laser en Barcelona\",\"description\":\"Fabricaci&oacute;n Digital - Corte laser en Barcelona\",\"publisher\":{\"@id\":\"https:\\\/\\\/retall.es\\\/ca\\\/#organization\"},\"potentialAction\":[{\"@type\":\"SearchAction\",\"target\":{\"@type\":\"EntryPoint\",\"urlTemplate\":\"https:\\\/\\\/retall.es\\\/ca\\\/?s={search_term_string}\"},\"query-input\":{\"@type\":\"PropertyValueSpecification\",\"valueRequired\":true,\"valueName\":\"search_term_string\"}}],\"inLanguage\":\"ca\"},{\"@type\":\"Organization\",\"@id\":\"https:\\\/\\\/retall.es\\\/ca\\\/#organization\",\"name\":\"Retall - Laboratorio de corte laser en Barcelona\",\"url\":\"https:\\\/\\\/retall.es\\\/ca\\\/\",\"logo\":{\"@type\":\"ImageObject\",\"inLanguage\":\"ca\",\"@id\":\"https:\\\/\\\/retall.es\\\/ca\\\/#\\\/schema\\\/logo\\\/image\\\/\",\"url\":\"https:\\\/\\\/retall.es\\\/wp-content\\\/uploads\\\/2023\\\/10\\\/RETALL_Logo.png\",\"contentUrl\":\"https:\\\/\\\/retall.es\\\/wp-content\\\/uploads\\\/2023\\\/10\\\/RETALL_Logo.png\",\"width\":342,\"height\":342,\"caption\":\"Retall - Laboratorio de corte laser en Barcelona\"},\"image\":{\"@id\":\"https:\\\/\\\/retall.es\\\/ca\\\/#\\\/schema\\\/logo\\\/image\\\/\"}}]}<\/script>\n<!-- \/ Yoast SEO plugin. -->","yoast_head_json":{"title":"Personalitzaci\u00f3 de productes per coorte i gravat l\u00e0ser a Barcelona | Retall","robots":{"index":"index","follow":"follow","max-snippet":"max-snippet:-1","max-image-preview":"max-image-preview:large","max-video-preview":"max-video-preview:-1"},"canonical":"https:\/\/retall.es\/ca\/personalitzacio\/","og_locale":"ca_ES","og_type":"article","og_title":"Personalitzaci\u00f3 de productes per coorte i gravat l\u00e0ser a Barcelona | Retall","og_url":"https:\/\/retall.es\/ca\/personalitzacio\/","og_site_name":"Retall","article_modified_time":"2024-01-24T11:34:57+00:00","twitter_card":"summary_large_image","twitter_misc":{"Temps estimat de lectura":"1 minut"},"schema":{"@context":"https:\/\/schema.org","@graph":[{"@type":"WebPage","@id":"https:\/\/retall.es\/ca\/personalitzacio\/","url":"https:\/\/retall.es\/ca\/personalitzacio\/","name":"Personalitzaci\u00f3 de productes per coorte i gravat l\u00e0ser a Barcelona | Retall","isPartOf":{"@id":"https:\/\/retall.es\/ca\/#website"},"datePublished":"2023-11-07T18:07:45+00:00","dateModified":"2024-01-24T11:34:57+00:00","breadcrumb":{"@id":"https:\/\/retall.es\/ca\/personalitzacio\/#breadcrumb"},"inLanguage":"ca","potentialAction":[{"@type":"ReadAction","target":["https:\/\/retall.es\/ca\/personalitzacio\/"]}]},{"@type":"BreadcrumbList","@id":"https:\/\/retall.es\/ca\/personalitzacio\/#breadcrumb","itemListElement":[{"@type":"ListItem","position":1,"name":"Portada","item":"https:\/\/retall.es\/ca\/retall-tall-laser-a-barcelona\/"},{"@type":"ListItem","position":2,"name":"Personalitzaci\u00f3"}]},{"@type":"WebSite","@id":"https:\/\/retall.es\/ca\/#website","url":"https:\/\/retall.es\/ca\/","name":"Retall - Laboratorio de corte laser en Barcelona","description":"Fabricaci&oacute;n Digital - Corte laser en Barcelona","publisher":{"@id":"https:\/\/retall.es\/ca\/#organization"},"potentialAction":[{"@type":"SearchAction","target":{"@type":"EntryPoint","urlTemplate":"https:\/\/retall.es\/ca\/?s={search_term_string}"},"query-input":{"@type":"PropertyValueSpecification","valueRequired":true,"valueName":"search_term_string"}}],"inLanguage":"ca"},{"@type":"Organization","@id":"https:\/\/retall.es\/ca\/#organization","name":"Retall - Laboratorio de corte laser en Barcelona","url":"https:\/\/retall.es\/ca\/","logo":{"@type":"ImageObject","inLanguage":"ca","@id":"https:\/\/retall.es\/ca\/#\/schema\/logo\/image\/","url":"https:\/\/retall.es\/wp-content\/uploads\/2023\/10\/RETALL_Logo.png","contentUrl":"https:\/\/retall.es\/wp-content\/uploads\/2023\/10\/RETALL_Logo.png","width":342,"height":342,"caption":"Retall - Laboratorio de corte laser en Barcelona"},"image":{"@id":"https:\/\/retall.es\/ca\/#\/schema\/logo\/image\/"}}]}},"_links":{"self":[{"href":"https:\/\/retall.es\/ca\/wp-json\/wp\/v2\/pages\/660","targetHints":{"allow":["GET"]}}],"collection":[{"href":"https:\/\/retall.es\/ca\/wp-json\/wp\/v2\/pages"}],"about":[{"href":"https:\/\/retall.es\/ca\/wp-json\/wp\/v2\/types\/page"}],"author":[{"embeddable":true,"href":"https:\/\/retall.es\/ca\/wp-json\/wp\/v2\/users\/1"}],"replies":[{"embeddable":true,"href":"https:\/\/retall.es\/ca\/wp-json\/wp\/v2\/comments?post=660"}],"version-history":[{"count":1,"href":"https:\/\/retall.es\/ca\/wp-json\/wp\/v2\/pages\/660\/revisions"}],"predecessor-version":[{"id":661,"href":"https:\/\/retall.es\/ca\/wp-json\/wp\/v2\/pages\/660\/revisions\/661"}],"wp:attachment":[{"href":"https:\/\/retall.es\/ca\/wp-json\/wp\/v2\/media?parent=660"}],"curies":[{"name":"wp","href":"https:\/\/api.w.org\/{rel}","templated":true}]}}