{"id":672,"date":"2023-10-25T14:30:03","date_gmt":"2023-10-25T14:30:03","guid":{"rendered":"https:\/\/retall.es\/serveis-tall-laser\/"},"modified":"2024-01-24T12:28:03","modified_gmt":"2024-01-24T12:28:03","slug":"serveis-tall-laser","status":"publish","type":"page","link":"https:\/\/retall.es\/ca\/serveis-tall-laser\/","title":{"rendered":"Serveis tall l\u00e0ser"},"content":{"rendered":"\n<div class=\"slider-wrapper relative\" id=\"slider-369841491\" >\n    <div class=\"slider slider-nav-circle slider-nav-large slider-nav-light slider-style-normal\"\n        data-flickity-options='{\n            \"cellAlign\": \"center\",\n            \"imagesLoaded\": true,\n            \"lazyLoad\": 1,\n            \"freeScroll\": false,\n            \"wrapAround\": true,\n            \"autoPlay\": 6000,\n            \"pauseAutoPlayOnHover\" : true,\n            \"prevNextButtons\": true,\n            \"contain\" : true,\n            \"adaptiveHeight\" : true,\n            \"dragThreshold\" : 10,\n            \"percentPosition\": true,\n            \"pageDots\": true,\n            \"rightToLeft\": false,\n            \"draggable\": true,\n            \"selectedAttraction\": 0.1,\n            \"parallax\" : 0,\n            \"friction\": 0.6        }'\n        >\n        \n\n\n  <div class=\"banner has-hover has-parallax\" id=\"banner-662492952\">\n          <div class=\"banner-inner fill\">\n        <div class=\"banner-bg fill\" data-parallax=\"-4\" data-parallax-container=\".banner\" data-parallax-background>\n            <div class=\"bg fill bg-fill \"><\/div>\n                        <div class=\"overlay\"><\/div>            \n                    <\/div>\n\t\t\n        <div class=\"banner-layers container\">\n            <div class=\"fill banner-link\"><\/div>            \n\n   <div id=\"text-box-1997495213\" class=\"text-box banner-layer x50 md-x50 lg-x50 y50 md-y50 lg-y50 res-text\">\n                                <div class=\"text-box-content text dark\">\n              \n              <div class=\"text-inner text-center\">\n                  \n\n\t<div id=\"text-858147661\" class=\"text\">\n\t\t\n\n<h1><strong>Serveis FabLab Retall<\/strong><\/h1>\n<p>Serveis creatius de tall i gravat l\u00e0ser a Barcelona<\/p>\n\n\t\t\n<style>\n#text-858147661 {\n  font-size: 0.75rem;\n}\n@media (min-width:550px) {\n  #text-858147661 {\n    font-size: 1rem;\n  }\n}\n<\/style>\n\t<\/div>\n\t\n\n              <\/div>\n           <\/div>\n                            \n<style>\n#text-box-1997495213 {\n  width: 93%;\n}\n#text-box-1997495213 .text-box-content {\n  font-size: 100%;\n}\n@media (min-width:550px) {\n  #text-box-1997495213 {\n    width: 52%;\n  }\n}\n<\/style>\n    <\/div>\n \n\n        <\/div>\n      <\/div>\n\n            \n<style>\n#banner-662492952 {\n  padding-top: 352px;\n}\n#banner-662492952 .bg.bg-loaded {\n  background-image: url(https:\/\/retall.es\/wp-content\/uploads\/2023\/10\/Leonardo_Diffusion_XL_Generates_a_highfidelity_16K_ultra_JD_im_1-1024x683.jpg);\n}\n#banner-662492952 .overlay {\n  background-color: rgba(0,0,0,.5);\n}\n#banner-662492952 .bg {\n  background-position: 1% 100%;\n}\n<\/style>\n  <\/div>\n\n\n\n     <\/div>\n\n     <div class=\"loading-spin dark large centered\"><\/div>\n\n\t<\/div>\n\n\n\t<section class=\"section\" id=\"section_815521001\">\n\t\t<div class=\"bg section-bg fill bg-fill  bg-loaded\" >\n\n\t\t\t\n\t\t\t\n\t\t\t\n\t<div class=\"is-border\"\n\t\tstyle=\"border-color:rgb(235, 235, 235);border-width:1px 0px 0px 0px;\">\n\t<\/div>\n\n\t\t<\/div>\n\n\t\t\n\n\t\t<div class=\"section-content relative\">\n\t\t\t\n\n<div class=\"row\"  id=\"row-648476767\">\n\n\n\t<div id=\"col-2089682065\" class=\"col medium-4 small-12 large-4\"  >\n\t\t\t\t<div class=\"col-inner\"  >\n\t\t\t\n\t\t\t\n\n<h2>Serveis de fabricaci\u00f3 digital per tall l\u00e0ser<\/h2>\n\n\t\t<\/div>\n\t\t\t\t\t<\/div>\n\n\t\n\n\t<div id=\"col-1405753411\" class=\"col medium-8 small-12 large-8\"  >\n\t\t\t\t<div class=\"col-inner\"  >\n\t\t\t\n\t\t\t\n\n<p>A Retall, estem orgullosos d&#8217;oferir un servei de fabricaci\u00f3 per tall l\u00e0ser d&#8217;avantguarda que combina precisi\u00f3, versatilitat i sostenibilitat. La nostra tecnologia de tall l\u00e0ser d&#8217;\u00faltima generaci\u00f3 ens permet portar a terme projectes de disseny innovadors i personalitzats, respectant sempre el nostre comprom\u00eds amb la reutilitzaci\u00f3 de materials i la conservaci\u00f3 del medi ambient.<\/p>\n\n\t\t<\/div>\n\t\t\t\t\t<\/div>\n\n\t\n\n<\/div>\n  <div class=\"banner-grid-wrapper\">\n  <div id=\"banner-grid-1321189296\" class=\"banner-grid row row-grid row-small\" data-packery-options=\"\">\n                      \n\n<div class=\"col grid-col large-6 grid-col-1\" ><div class=\"col-inner\">\n\n\n  <div class=\"banner has-hover bg-zoom has-parallax\" id=\"banner-1559597824\">\n          <div class=\"banner-inner fill\">\n        <div class=\"banner-bg fill\" data-parallax=\"-3\" data-parallax-container=\".banner\" data-parallax-background>\n            <div class=\"bg fill bg-fill \"><\/div>\n                        <div class=\"overlay\"><\/div>            \n                    <\/div>\n\t\t\n        <div class=\"banner-layers container\">\n            <a class=\"fill\" href=\"https:\/\/retall.es\/servicios-corte-laser\/fabricacion-por-corte-laser\/\" ><div class=\"fill banner-link\"><\/div><\/a>            \n\n   <div id=\"text-box-438704793\" class=\"text-box banner-layer x50 md-x50 lg-x50 y50 md-y50 lg-y50 res-text\">\n                                <div class=\"text-box-content text dark\">\n              \n              <div class=\"text-inner text-center\">\n                  \n\n<h3 class=\"uppercase\"><b>Fabricaci\u00f3 Per Tall L\u00e0ser<\/b><\/h3>\n\n              <\/div>\n           <\/div>\n                            \n<style>\n#text-box-438704793 {\n  width: 60%;\n}\n#text-box-438704793 .text-box-content {\n  font-size: 100%;\n}\n<\/style>\n    <\/div>\n \n\n        <\/div>\n      <\/div>\n\n            \n<style>\n#banner-1559597824 {\n  padding-top: 500px;\n}\n#banner-1559597824 .bg.bg-loaded {\n  background-image: url(https:\/\/retall.es\/wp-content\/uploads\/2023\/10\/C700Inside-1024x684.jpeg);\n}\n#banner-1559597824 .overlay {\n  background-color: rgba(0,0,0,.5);\n}\n<\/style>\n  <\/div>\n\n\n\n<\/div><\/div>\n<div class=\"col grid-col large-6 grid-col-1-2\" ><div class=\"col-inner\">\n\n\n  <div class=\"banner has-hover bg-zoom has-parallax\" id=\"banner-1099810427\">\n          <div class=\"banner-inner fill\">\n        <div class=\"banner-bg fill\" data-parallax=\"-2\" data-parallax-container=\".banner\" data-parallax-background>\n            <div class=\"bg fill bg-fill \"><\/div>\n                        <div class=\"overlay\"><\/div>            \n                    <\/div>\n\t\t\n        <div class=\"banner-layers container\">\n            <a class=\"fill\" href=\"https:\/\/retall.es\/servicios-corte-laser\/personalizacion-de-productos\/\" ><div class=\"fill banner-link\"><\/div><\/a>            \n\n   <div id=\"text-box-591675217\" class=\"text-box banner-layer x50 md-x50 lg-x50 y50 md-y50 lg-y50 res-text\">\n                                <div class=\"text-box-content text dark\">\n              \n              <div class=\"text-inner text-center\">\n                  \n\n<h3 class=\"uppercase\"><b>PERSONALITZACI\u00d3 DE PRODUCTES<\/b><\/h3>\n\n              <\/div>\n           <\/div>\n                            \n<style>\n#text-box-591675217 {\n  width: 60%;\n}\n#text-box-591675217 .text-box-content {\n  font-size: 100%;\n}\n<\/style>\n    <\/div>\n \n\n        <\/div>\n      <\/div>\n\n            \n<style>\n#banner-1099810427 {\n  padding-top: 500px;\n}\n#banner-1099810427 .bg.bg-loaded {\n  background-image: url(https:\/\/retall.es\/wp-content\/uploads\/2023\/10\/joya-conjunto-circulo-coleccion-geo-retall-corte-laser-barcelona-plastico-reciclado-e1698001091205-1024x819.jpg);\n}\n#banner-1099810427 .overlay {\n  background-color: rgba(0, 0, 0, 0.314);\n}\n<\/style>\n  <\/div>\n\n\n\n<\/div><\/div>\n<div class=\"col grid-col large-3 grid-col-1-2\" ><div class=\"col-inner\">\n\n\n  <div class=\"banner has-hover bg-zoom has-parallax\" id=\"banner-207146132\">\n          <div class=\"banner-inner fill\">\n        <div class=\"banner-bg fill\" data-parallax=\"-2\" data-parallax-container=\".banner\" data-parallax-background>\n            <div class=\"bg fill bg-fill \"><\/div>\n                        <div class=\"overlay\"><\/div>            \n                    <\/div>\n\t\t\n        <div class=\"banner-layers container\">\n            <a class=\"fill\" href=\"https:\/\/retall.es\/servicios-corte-laser\/diseno-personalizado-corte-laser\/\" ><div class=\"fill banner-link\"><\/div><\/a>            \n\n   <div id=\"text-box-1337905348\" class=\"text-box banner-layer x50 md-x50 lg-x50 y50 md-y50 lg-y50 res-text\">\n                                <div class=\"text-box-content text dark\">\n              \n              <div class=\"text-inner text-center\">\n                  \n\n<h3 class=\"uppercase\"><strong>DISSENY PER TALL L\u00c0SER<\/strong><\/h3>\n\n              <\/div>\n           <\/div>\n                            \n<style>\n#text-box-1337905348 {\n  width: 60%;\n}\n#text-box-1337905348 .text-box-content {\n  font-size: 100%;\n}\n<\/style>\n    <\/div>\n \n\n        <\/div>\n      <\/div>\n\n            \n<style>\n#banner-207146132 {\n  padding-top: 500px;\n}\n#banner-207146132 .bg.bg-loaded {\n  background-image: url(https:\/\/retall.es\/wp-content\/uploads\/2023\/10\/Colgantecaballito1-1024x1024.webp);\n}\n#banner-207146132 .overlay {\n  background-color: rgba(0, 0, 0, 0.198);\n}\n#banner-207146132 .bg {\n  background-position: 74% 49%;\n}\n<\/style>\n  <\/div>\n\n\n\n<\/div><\/div>\n<div class=\"col grid-col large-3 grid-col-1-2\" ><div class=\"col-inner\">\n\n\n  <div class=\"banner has-hover has-parallax\" id=\"banner-1541848958\">\n          <div class=\"banner-inner fill\">\n        <div class=\"banner-bg fill\" data-parallax=\"-2\" data-parallax-container=\".banner\" data-parallax-background>\n            <div class=\"bg fill bg-fill \"><\/div>\n                        <div class=\"overlay\"><\/div>            \n                    <\/div>\n\t\t\n        <div class=\"banner-layers container\">\n            <a class=\"fill\" href=\"https:\/\/retall.es\/servicios-corte-laser\/asesoramiento-tecnico\/\" ><div class=\"fill banner-link\"><\/div><\/a>            \n\n   <div id=\"text-box-2003729399\" class=\"text-box banner-layer x50 md-x50 lg-x50 y50 md-y50 lg-y50 res-text\">\n                                <div class=\"text-box-content text dark\">\n              \n              <div class=\"text-inner text-center\">\n                  \n\n<h3 class=\"uppercase\"><b>ASSESSORAMENT T\u00c8CNIC<\/b><\/h3>\n\n              <\/div>\n           <\/div>\n                            \n<style>\n#text-box-2003729399 {\n  width: 60%;\n}\n#text-box-2003729399 .text-box-content {\n  font-size: 100%;\n}\n<\/style>\n    <\/div>\n \n\n        <\/div>\n      <\/div>\n\n            \n<style>\n#banner-1541848958 {\n  padding-top: 500px;\n}\n#banner-1541848958 .bg.bg-loaded {\n  background-image: url(https:\/\/retall.es\/wp-content\/uploads\/2023\/10\/pexels-opt-lasers-7254410-min-1024x683.jpg);\n}\n#banner-1541848958 .overlay {\n  background-color: rgba(0, 0, 0, 0.5);\n}\n#banner-1541848958 .bg {\n  background-position: 53% 37%;\n}\n<\/style>\n  <\/div>\n\n\n\n<\/div><\/div>\n\n            <\/div>\n    <style>\n    #banner-grid-1321189296 .grid-col-1{height: 600px}\n    #banner-grid-1321189296 .grid-col-1-2{height: 300px}\n    #banner-grid-1321189296 .grid-col-1-3{height:200px}\n    #banner-grid-1321189296 .grid-col-2-3{height: 400px}\n    #banner-grid-1321189296 .grid-col-1-4{height: 150px}\n    #banner-grid-1321189296 .grid-col-3-4{height: 450px}\n\n\n    \n    \n\n  <\/style>\n    <\/div>\n  \n\n\t\t<\/div>\n\n\t\t\n<style>\n#section_815521001 {\n  padding-top: 60px;\n  padding-bottom: 60px;\n  min-height: 300px;\n  background-color: rgb(245, 245, 245);\n}\n<\/style>\n\t<\/section>\n\t\n\t<section class=\"section\" id=\"section_1942235410\">\n\t\t<div class=\"bg section-bg fill bg-fill  bg-loaded\" >\n\n\t\t\t\n\t\t\t\n\t\t\t\n\n\t\t<\/div>\n\n\t\t\n\n\t\t<div class=\"section-content relative\">\n\t\t\t\n\n\t<div id=\"gap-772498276\" class=\"gap-element clearfix\" style=\"display:block; height:auto;\">\n\t\t\n<style>\n#gap-772498276 {\n  padding-top: 30px;\n}\n<\/style>\n\t<\/div>\n\t\n\n<div class=\"row\"  id=\"row-1839033525\">\n\n\n\t<div id=\"col-511852843\" class=\"col medium-8 small-12 large-8\"  >\n\t\t\t\t<div class=\"col-inner\"  >\n\t\t\t\n\t\t\t\n\n<h3><strong>Preparat per Donar Vida al teu Projecte?<\/strong><\/h3>\n<p>Si est\u00e0s interessat en aprofitar el nostre servei de fabricaci\u00f3 per tall l\u00e0ser o desitges obtenir m\u00e9s informaci\u00f3 sobre com podem ajudar-te a convertir les teves idees en realitat, no dubtis a contactar-nos. El nostre equip d&#8217;experts est\u00e0 aqu\u00ed per respondre a les teves preguntes i assessorar-te en cada pas del proc\u00e9s. Comen\u00e7a el teu projecte sostenible avui mateix amb Retall<\/p>\n\n\t\t<\/div>\n\t\t\t\t\t<\/div>\n\n\t\n\n\t<div id=\"col-2053863371\" class=\"col medium-3 small-12 large-3\"  >\n\t\t\t\t<div class=\"col-inner text-center\"  >\n\t\t\t\n\t\t\t\n\n\t<div id=\"gap-1096087124\" class=\"gap-element clearfix\" style=\"display:block; height:auto;\">\n\t\t\n<style>\n#gap-1096087124 {\n  padding-top: 60px;\n}\n<\/style>\n\t<\/div>\n\t\n\n<a href=\"https:\/\/retall.es\/contacto-corte-laser-barcelona\/\" class=\"button primary is-outline is-larger\"  >\n    <span>Contacta<\/span>\n  <\/a>\n\n\n\n\t\t<\/div>\n\t\t\t\t\t<\/div>\n\n\t\n\n<\/div>\n\n\t\t<\/div>\n\n\t\t\n<style>\n#section_1942235410 {\n  padding-top: 30px;\n  padding-bottom: 30px;\n}\n<\/style>\n\t<\/section>\n\t\n\t<section class=\"section\" id=\"section_573201228\">\n\t\t<div class=\"bg section-bg fill bg-fill  bg-loaded\" >\n\n\t\t\t\n\t\t\t<div class=\"section-bg-overlay absolute fill\"><\/div>\n\t\t\t\n\n\t\t<\/div>\n\n\t\t\n\n\t\t<div class=\"section-content relative\">\n\t\t\t\n\n\n\t\t<\/div>\n\n\t\t\n<style>\n#section_573201228 {\n  padding-top: 0px;\n  padding-bottom: 0px;\n  background-color: rgb(247, 247, 247);\n}\n#section_573201228 .section-bg-overlay {\n  background-color: rgba(255, 255, 255, 0.85);\n}\n<\/style>\n\t<\/section>\n\t\n\n","protected":false},"excerpt":{"rendered":"","protected":false},"author":1,"featured_media":0,"parent":0,"menu_order":0,"comment_status":"closed","ping_status":"closed","template":"page-blank.php","meta":{"footnotes":""},"class_list":["post-672","page","type-page","status-publish","hentry"],"yoast_head":"<!-- This site is optimized with the Yoast SEO plugin v27.5 - https:\/\/yoast.com\/product\/yoast-seo-wordpress\/ -->\n<title>Serveis de tall i gravat l\u00e0ser a Barcelona | Retall<\/title>\n<meta name=\"robots\" content=\"index, follow, max-snippet:-1, max-image-preview:large, max-video-preview:-1\" \/>\n<link rel=\"canonical\" href=\"https:\/\/retall.es\/ca\/serveis-tall-laser\/\" \/>\n<meta property=\"og:locale\" content=\"ca_ES\" \/>\n<meta property=\"og:type\" content=\"article\" \/>\n<meta property=\"og:title\" content=\"Serveis de tall i gravat l\u00e0ser a Barcelona | Retall\" \/>\n<meta property=\"og:url\" content=\"https:\/\/retall.es\/ca\/serveis-tall-laser\/\" \/>\n<meta property=\"og:site_name\" content=\"Retall\" \/>\n<meta property=\"article:modified_time\" content=\"2024-01-24T12:28:03+00:00\" \/>\n<meta name=\"twitter:card\" content=\"summary_large_image\" \/>\n<meta name=\"twitter:label1\" content=\"Temps estimat de lectura\" \/>\n\t<meta name=\"twitter:data1\" content=\"2 minuts\" \/>\n<script type=\"application\/ld+json\" class=\"yoast-schema-graph\">{\"@context\":\"https:\\\/\\\/schema.org\",\"@graph\":[{\"@type\":\"WebPage\",\"@id\":\"https:\\\/\\\/retall.es\\\/ca\\\/serveis-tall-laser\\\/\",\"url\":\"https:\\\/\\\/retall.es\\\/ca\\\/serveis-tall-laser\\\/\",\"name\":\"Serveis de tall i gravat l\u00e0ser a Barcelona | Retall\",\"isPartOf\":{\"@id\":\"https:\\\/\\\/retall.es\\\/ca\\\/#website\"},\"datePublished\":\"2023-10-25T14:30:03+00:00\",\"dateModified\":\"2024-01-24T12:28:03+00:00\",\"breadcrumb\":{\"@id\":\"https:\\\/\\\/retall.es\\\/ca\\\/serveis-tall-laser\\\/#breadcrumb\"},\"inLanguage\":\"ca\",\"potentialAction\":[{\"@type\":\"ReadAction\",\"target\":[\"https:\\\/\\\/retall.es\\\/ca\\\/serveis-tall-laser\\\/\"]}]},{\"@type\":\"BreadcrumbList\",\"@id\":\"https:\\\/\\\/retall.es\\\/ca\\\/serveis-tall-laser\\\/#breadcrumb\",\"itemListElement\":[{\"@type\":\"ListItem\",\"position\":1,\"name\":\"Portada\",\"item\":\"https:\\\/\\\/retall.es\\\/ca\\\/retall-tall-laser-a-barcelona\\\/\"},{\"@type\":\"ListItem\",\"position\":2,\"name\":\"Serveis tall l\u00e0ser\"}]},{\"@type\":\"WebSite\",\"@id\":\"https:\\\/\\\/retall.es\\\/ca\\\/#website\",\"url\":\"https:\\\/\\\/retall.es\\\/ca\\\/\",\"name\":\"Retall - Laboratorio de corte laser en Barcelona\",\"description\":\"Fabricaci&oacute;n Digital - Corte laser en Barcelona\",\"publisher\":{\"@id\":\"https:\\\/\\\/retall.es\\\/ca\\\/#organization\"},\"potentialAction\":[{\"@type\":\"SearchAction\",\"target\":{\"@type\":\"EntryPoint\",\"urlTemplate\":\"https:\\\/\\\/retall.es\\\/ca\\\/?s={search_term_string}\"},\"query-input\":{\"@type\":\"PropertyValueSpecification\",\"valueRequired\":true,\"valueName\":\"search_term_string\"}}],\"inLanguage\":\"ca\"},{\"@type\":\"Organization\",\"@id\":\"https:\\\/\\\/retall.es\\\/ca\\\/#organization\",\"name\":\"Retall - Laboratorio de corte laser en Barcelona\",\"url\":\"https:\\\/\\\/retall.es\\\/ca\\\/\",\"logo\":{\"@type\":\"ImageObject\",\"inLanguage\":\"ca\",\"@id\":\"https:\\\/\\\/retall.es\\\/ca\\\/#\\\/schema\\\/logo\\\/image\\\/\",\"url\":\"https:\\\/\\\/retall.es\\\/wp-content\\\/uploads\\\/2023\\\/10\\\/RETALL_Logo.png\",\"contentUrl\":\"https:\\\/\\\/retall.es\\\/wp-content\\\/uploads\\\/2023\\\/10\\\/RETALL_Logo.png\",\"width\":342,\"height\":342,\"caption\":\"Retall - Laboratorio de corte laser en Barcelona\"},\"image\":{\"@id\":\"https:\\\/\\\/retall.es\\\/ca\\\/#\\\/schema\\\/logo\\\/image\\\/\"}}]}<\/script>\n<!-- \/ Yoast SEO plugin. -->","yoast_head_json":{"title":"Serveis de tall i gravat l\u00e0ser a Barcelona | Retall","robots":{"index":"index","follow":"follow","max-snippet":"max-snippet:-1","max-image-preview":"max-image-preview:large","max-video-preview":"max-video-preview:-1"},"canonical":"https:\/\/retall.es\/ca\/serveis-tall-laser\/","og_locale":"ca_ES","og_type":"article","og_title":"Serveis de tall i gravat l\u00e0ser a Barcelona | Retall","og_url":"https:\/\/retall.es\/ca\/serveis-tall-laser\/","og_site_name":"Retall","article_modified_time":"2024-01-24T12:28:03+00:00","twitter_card":"summary_large_image","twitter_misc":{"Temps estimat de lectura":"2 minuts"},"schema":{"@context":"https:\/\/schema.org","@graph":[{"@type":"WebPage","@id":"https:\/\/retall.es\/ca\/serveis-tall-laser\/","url":"https:\/\/retall.es\/ca\/serveis-tall-laser\/","name":"Serveis de tall i gravat l\u00e0ser a Barcelona | Retall","isPartOf":{"@id":"https:\/\/retall.es\/ca\/#website"},"datePublished":"2023-10-25T14:30:03+00:00","dateModified":"2024-01-24T12:28:03+00:00","breadcrumb":{"@id":"https:\/\/retall.es\/ca\/serveis-tall-laser\/#breadcrumb"},"inLanguage":"ca","potentialAction":[{"@type":"ReadAction","target":["https:\/\/retall.es\/ca\/serveis-tall-laser\/"]}]},{"@type":"BreadcrumbList","@id":"https:\/\/retall.es\/ca\/serveis-tall-laser\/#breadcrumb","itemListElement":[{"@type":"ListItem","position":1,"name":"Portada","item":"https:\/\/retall.es\/ca\/retall-tall-laser-a-barcelona\/"},{"@type":"ListItem","position":2,"name":"Serveis tall l\u00e0ser"}]},{"@type":"WebSite","@id":"https:\/\/retall.es\/ca\/#website","url":"https:\/\/retall.es\/ca\/","name":"Retall - Laboratorio de corte laser en Barcelona","description":"Fabricaci&oacute;n Digital - Corte laser en Barcelona","publisher":{"@id":"https:\/\/retall.es\/ca\/#organization"},"potentialAction":[{"@type":"SearchAction","target":{"@type":"EntryPoint","urlTemplate":"https:\/\/retall.es\/ca\/?s={search_term_string}"},"query-input":{"@type":"PropertyValueSpecification","valueRequired":true,"valueName":"search_term_string"}}],"inLanguage":"ca"},{"@type":"Organization","@id":"https:\/\/retall.es\/ca\/#organization","name":"Retall - Laboratorio de corte laser en Barcelona","url":"https:\/\/retall.es\/ca\/","logo":{"@type":"ImageObject","inLanguage":"ca","@id":"https:\/\/retall.es\/ca\/#\/schema\/logo\/image\/","url":"https:\/\/retall.es\/wp-content\/uploads\/2023\/10\/RETALL_Logo.png","contentUrl":"https:\/\/retall.es\/wp-content\/uploads\/2023\/10\/RETALL_Logo.png","width":342,"height":342,"caption":"Retall - Laboratorio de corte laser en Barcelona"},"image":{"@id":"https:\/\/retall.es\/ca\/#\/schema\/logo\/image\/"}}]}},"_links":{"self":[{"href":"https:\/\/retall.es\/ca\/wp-json\/wp\/v2\/pages\/672","targetHints":{"allow":["GET"]}}],"collection":[{"href":"https:\/\/retall.es\/ca\/wp-json\/wp\/v2\/pages"}],"about":[{"href":"https:\/\/retall.es\/ca\/wp-json\/wp\/v2\/types\/page"}],"author":[{"embeddable":true,"href":"https:\/\/retall.es\/ca\/wp-json\/wp\/v2\/users\/1"}],"replies":[{"embeddable":true,"href":"https:\/\/retall.es\/ca\/wp-json\/wp\/v2\/comments?post=672"}],"version-history":[{"count":1,"href":"https:\/\/retall.es\/ca\/wp-json\/wp\/v2\/pages\/672\/revisions"}],"predecessor-version":[{"id":673,"href":"https:\/\/retall.es\/ca\/wp-json\/wp\/v2\/pages\/672\/revisions\/673"}],"wp:attachment":[{"href":"https:\/\/retall.es\/ca\/wp-json\/wp\/v2\/media?parent=672"}],"curies":[{"name":"wp","href":"https:\/\/api.w.org\/{rel}","templated":true}]}}